{"id":47,"date":"2017-03-01T10:10:44","date_gmt":"2017-03-01T10:10:44","guid":{"rendered":"http:\/\/despacho.pixel.st\/marena-social\/inicio\/"},"modified":"2023-02-28T10:35:14","modified_gmt":"2023-02-28T10:35:14","slug":"inicio","status":"publish","type":"page","link":"https:\/\/www.marenasocial.es\/ca\/","title":{"rendered":"Inicio"},"content":{"rendered":"<p>[et_pb_section bb_built=&#8221;1&#8243; admin_label=&#8221;Secci\u00f3n&#8221; parallax=&#8221;on&#8221; parallax_method=&#8221;off&#8221; fullwidth=&#8221;on&#8221;][et_pb_fullwidth_header admin_label=&#8221;T\u00edtulo de anchura completa&#8221; title=&#8221;MARENA SOCIAL&#8221; subhead=&#8221;CONSULTORIA EN COMUNICACI\u00d3&#8221; text_orientation=&#8221;center&#8221; header_fullscreen=&#8221;on&#8221; scroll_down_icon_size=&#8221;50&#8243; scroll_down_icon_size_tablet=&#8221;73px&#8221; scroll_down_icon_size_phone=&#8221;50px&#8221; scroll_down_icon_size_last_edited=&#8221;on|tablet&#8221; title_font_color=&#8221;#ffffff&#8221; subhead_font_color=&#8221;#ffffff&#8221; content_font_color=&#8221;#ffffff&#8221; max_width=&#8221;80%&#8221; max_width_last_edited=&#8221;on|desktop&#8221; button_one_text=&#8221;ver portfolio&#8221; button_one_url=&#8221;#trabajos&#8221; button_two_text=&#8221;contacta con nosotros&#8221; button_two_url=&#8221;#contacto&#8221; background_url=&#8221;https:\/\/www.marenasocial.eswp-content\/uploads\/2017\/03\/fdo_slider.jpg&#8221; parallax=&#8221;on&#8221; title_font=&#8221;|on||on|&#8221; title_font_size=&#8221;72&#8243; title_font_size_tablet=&#8221;40&#8243; title_font_size_phone=&#8221;32px&#8221; title_font_size_last_edited=&#8221;on|desktop&#8221; subhead_font=&#8221;|on||on|&#8221; subhead_font_size=&#8221;50px&#8221; subhead_font_size_tablet=&#8221;40&#8243; subhead_font_size_phone=&#8221;23px&#8221; subhead_font_size_last_edited=&#8221;on|phone&#8221; content_font_size=&#8221;25px&#8221; content_font_size_tablet=&#8221;21px&#8221; content_font_size_phone=&#8221;13px&#8221; content_font_size_last_edited=&#8221;on|phone&#8221; custom_button_one=&#8221;on&#8221; button_one_text_size=&#8221;21&#8243; button_one_text_color=&#8221;#ffffff&#8221; button_one_bg_color=&#8221;rgba(0,0,0,0)&#8221; button_one_border_width=&#8221;1&#8243; button_one_border_color=&#8221;#ffffff&#8221; button_one_border_radius=&#8221;0&#8243; button_one_font=&#8221;|||on|&#8221; button_one_use_icon=&#8221;on&#8221; button_one_icon=&#8221;%%129%%&#8221; button_one_icon_color=&#8221;#ffffff&#8221; button_one_bg_color_hover=&#8221;rgba(0,0,0,0)&#8221; button_one_border_radius_hover=&#8221;0&#8243; button_one_text_size_phone=&#8221;13px&#8221; button_one_text_size_last_edited=&#8221;on|phone&#8221; custom_button_two=&#8221;on&#8221; button_two_text_size=&#8221;21&#8243; button_two_text_color=&#8221;#ffffff&#8221; button_two_bg_color=&#8221;#009ee0&#8243; button_two_border_width=&#8221;1&#8243; button_two_border_color=&#8221;#009ee0&#8243; button_two_border_radius=&#8221;0&#8243; button_two_font=&#8221;|||on|&#8221; button_two_use_icon=&#8221;on&#8221; button_two_icon=&#8221;%%109%%&#8221; button_two_icon_color=&#8221;#ffffff&#8221; button_two_bg_color_hover=&#8221;rgba(0,0,0,0)&#8221; button_two_border_radius_hover=&#8221;0&#8243; button_two_text_size_phone=&#8221;13px&#8221; button_two_text_size_last_edited=&#8221;on|phone&#8221; custom_css_subtitle=&#8221;line-height:1em&#8221; custom_css_title=&#8221;line-height:1em&#8221; background_layout=&#8221;light&#8221; header_scroll_down=&#8221;off&#8221; parallax_method=&#8221;off&#8221; content_orientation=&#8221;center&#8221; image_orientation=&#8221;center&#8221; content_font=&#8221;Source Sans Pro Light||||&#8221; button_one_letter_spacing=&#8221;0&#8243; button_one_icon_placement=&#8221;right&#8221; button_one_on_hover=&#8221;on&#8221; button_one_letter_spacing_hover=&#8221;0&#8243; button_two_letter_spacing=&#8221;0&#8243; button_two_icon_placement=&#8221;right&#8221; button_two_on_hover=&#8221;on&#8221; button_two_letter_spacing_hover=&#8221;0&#8243;]<\/p>\n<p>Marena Social es la culminaci\u00f3n de una b\u00fasqueda. Una b\u00fasqueda que se inici\u00f3 hace ya varias d\u00e9cadas y que se ha ido conformando, a lo largo del tiempo, con un bagaje de experiencia, desarrollo y puesta en marcha de los diversos proyectos que se han llevado a t\u00e9rmino.<\/p>\n<p>[\/et_pb_fullwidth_header][\/et_pb_section][et_pb_section bb_built=&#8221;1&#8243; admin_label=&#8221;quehacemos&#8221; module_id=&#8221;quehacemos&#8221;][et_pb_row admin_label=&#8221;Fila&#8221; custom_width_px=&#8221;970&#8243; custom_css_main_element=&#8221;padding-bottom:0!important;&#8221;][et_pb_column type=&#8221;4_4&#8243;][et_pb_text admin_label=&#8221;Titulo que hacemos&#8221; text_orientation=&#8221;center&#8221; header_font_size=&#8221;30&#8243; header_font_size_last_edited=&#8221;on|phone&#8221; header_letter_spacing=&#8221;0&#8243; header_line_height=&#8221;1&#8243; text_font=&#8221;|on|||&#8221; text_font_size=&#8221;54&#8243; text_font_size_phone=&#8221;21&#8243; text_font_size_last_edited=&#8221;on|phone&#8221; text_text_color=&#8221;#18314d&#8221; text_letter_spacing=&#8221;0&#8243; text_line_height=&#8221;1&#8243; custom_margin=&#8221;||31px|&#8221;]<\/p>\n<p><strong>\u00bfQU\u00c9 HACEMOS?<\/strong><\/p>\n<p>[\/et_pb_text][et_pb_text admin_label=&#8221;Texto_que hacemos&#8221; text_orientation=&#8221;center&#8221; header_font_size=&#8221;21&#8243; header_text_color=&#8221;#5e5e5e&#8221; header_letter_spacing=&#8221;0&#8243; header_line_height=&#8221;1&#8243; text_font_size=&#8221;21&#8243; text_text_color=&#8221;#5e5e5e&#8221; text_letter_spacing=&#8221;0&#8243; text_line_height=&#8221;1&#8243; custom_css_main_element=&#8221;font-weight:400;&#8221;]<\/p>\n<p>En Marena Social hacemos de todo\u2026 comunicativamente hablando \u00a1claro! \ud83d\ude09<\/p>\n<p>[\/et_pb_text][\/et_pb_column][\/et_pb_row][et_pb_row admin_label=&#8221;fila_textos_que&#8221; use_custom_width=&#8221;on&#8221; custom_width_px=&#8221;1050px&#8221; use_custom_gutter=&#8221;on&#8221; gutter_width=&#8221;1&#8243; parallax_method_1=&#8221;off&#8221; parallax_method_2=&#8221;off&#8221; module_id_1=&#8221;text_2_1&#8243; module_id_2=&#8221;text_2_2&#8243; module_id=&#8221;txt_col_que&#8221; custom_css_main_element=&#8221;max-width:1050px;||margin:auto;||padding:1% 0;&#8221;][et_pb_column type=&#8221;1_2&#8243;][et_pb_text admin_label=&#8221;Texto&#8221; module_id=&#8221;texto_1_que&#8221; header_font_size=&#8221;30&#8243; header_letter_spacing=&#8221;0&#8243; header_line_height=&#8221;1&#8243; text_letter_spacing=&#8221;0&#8243; text_line_height=&#8221;1.7&#8243;]<\/p>\n<p>Y no porque seamos buenos en todas las facetas, sino porque tenemos mucha experiencia, \u00a0y un equipo excepcional de colaboradores. <strong>Audiovisuales, proyectos transmedia, organizaci\u00f3n de eventos, posicionamiento de marca, Social Media, iniciativas de RSC o<\/strong><\/p>\n<p><a class=\"et_pb_more_button et_pb_button contacta_button\" href=\"#contacto\">\u00bfen que est\u00e1s interesado?<\/a><\/p>\n<p>[\/et_pb_text][\/et_pb_column][et_pb_column type=&#8221;1_2&#8243;][et_pb_text admin_label=&#8221;Texto&#8221; header_font_size=&#8221;30&#8243; header_letter_spacing=&#8221;0&#8243; header_line_height=&#8221;1&#8243; text_letter_spacing=&#8221;0&#8243; text_line_height=&#8221;1.7&#8243;]<\/p>\n<p><strong>consultor\u00eda<\/strong> son algunas de las actuaciones que llevamos adelante.\u00a0 Si quieres, y sin ning\u00fan compromiso, conversamos sobre tus necesidades y te apuntamos algunas posibilidades.<\/p>\n<p><span class=\"resalttxt\">\u00bfTe atreves?<\/span><\/p>\n<p>[\/et_pb_text][\/et_pb_column][\/et_pb_row][\/et_pb_section][et_pb_section bb_built=&#8221;1&#8243; admin_label=&#8221;Secci\u00f3n&#8221; custom_padding=&#8221;|0px||0px&#8221; custom_width_percent=&#8221;80&#8243; custom_css_main_element=&#8221;padding: 1% 0.1%!important;&#8221;][et_pb_row admin_label=&#8221;Fila&#8221; make_fullwidth=&#8221;on&#8221; custom_width_px=&#8221;500&#8243; use_custom_gutter=&#8221;on&#8221; gutter_width=&#8221;1&#8243; custom_padding=&#8221;0px|0px|0px|0px&#8221; custom_margin=&#8221;|1px||1px&#8221; make_equal=&#8221;on&#8221; padding_right_1=&#8221;1px&#8221; padding_left_1=&#8221;1px&#8221; parallax_method_1=&#8221;off&#8221;][et_pb_column type=&#8221;4_4&#8243;][et_pb_portfolio admin_label=&#8221;Portafolios&#8221; fullwidth=&#8221;off&#8221; posts_number=&#8221;4&#8243; include_categories=&#8221;11&#8243; show_title=&#8221;off&#8221; show_categories=&#8221;off&#8221; show_pagination=&#8221;off&#8221; hover_overlay_color=&#8221;rgba(0,158,224,0.95)&#8221; module_id=&#8221;portfoliox4&#8243; title_font_size=&#8221;28&#8243; title_text_color=&#8221;#ffffff&#8221; title_letter_spacing=&#8221;0&#8243; title_line_height=&#8221;1.7&#8243; caption_font_size=&#8221;21&#8243; caption_letter_spacing=&#8221;0&#8243; caption_line_height=&#8221;1.7&#8243; use_border_color=&#8221;on&#8221; border_width=&#8221;1&#8243; \/][\/et_pb_column][\/et_pb_row][\/et_pb_section][et_pb_section bb_built=&#8221;1&#8243; admin_label=&#8221;Secci\u00f3n&#8221; custom_width_percent=&#8221;80&#8243; fullwidth=&#8221;on&#8221; custom_css_main_element=&#8221;padding: 0% 0;||min-height:0%;&#8221;][et_pb_fullwidth_header admin_label=&#8221;Banner&#8221; title=&#8221; PRODUCCI\u00d3N AUDIOVISUAL.&#8221; text_orientation=&#8221;center&#8221; header_fullscreen=&#8221;on&#8221; scroll_down_icon_size=&#8221;50&#8243; title_font_color=&#8221;#ffffff&#8221; subhead_font_color=&#8221;#ffffff&#8221; content_font_color=&#8221;#ffffff&#8221; max_width=&#8221;80%&#8221; button_one_text=&#8221;contacta con nosotros&#8221; button_one_url=&#8221;#contacto&#8221; background_url=&#8221;https:\/\/www.marenasocial.eswp-content\/uploads\/2017\/03\/bkg_banner.jpg&#8221; background_overlay_color=&#8221;rgba(0,58,122,0.83)&#8221; parallax=&#8221;on&#8221; title_font=&#8221;|on||on|&#8221; title_font_size=&#8221;72&#8243; title_font_size_tablet=&#8221;30&#8243; subhead_font=&#8221;|on||on|&#8221; subhead_font_size=&#8221;70&#8243; subhead_font_size_tablet=&#8221;18&#8243; content_font_size=&#8221;30&#8243; content_font_size_tablet=&#8221;14&#8243; custom_button_one=&#8221;on&#8221; button_one_text_size=&#8221;21&#8243; button_one_text_color=&#8221;#232625&#8243; button_one_bg_color=&#8221;#ffffff&#8221; button_one_border_width=&#8221;1&#8243; button_one_border_color=&#8221;#ffffff&#8221; button_one_border_radius=&#8221;0&#8243; button_one_font=&#8221;|||on|&#8221; button_one_use_icon=&#8221;on&#8221; button_one_icon=&#8221;%%153%%&#8221; button_one_icon_color=&#8221;rgba(255,255,255,0)&#8221; button_one_bg_color_hover=&#8221;rgba(0,0,0,0)&#8221; button_one_border_radius_hover=&#8221;0&#8243; button_two_icon=&#8221;%%109%%&#8221; button_two_icon_color=&#8221;#ffffff&#8221; custom_css_main_element=&#8221;padding: 0% 0;||min-height:1px!important;&#8221; custom_css_title=&#8221;line-height:60px;&#8221; background_layout=&#8221;light&#8221; header_scroll_down=&#8221;off&#8221; parallax_method=&#8221;off&#8221; content_orientation=&#8221;center&#8221; image_orientation=&#8221;center&#8221; button_one_letter_spacing=&#8221;0&#8243; button_one_icon_placement=&#8221;right&#8221; button_one_on_hover=&#8221;on&#8221; button_one_letter_spacing_hover=&#8221;0&#8243; custom_button_two=&#8221;off&#8221; button_two_letter_spacing=&#8221;0&#8243; button_two_use_icon=&#8221;default&#8221; button_two_icon_placement=&#8221;right&#8221; button_two_on_hover=&#8221;on&#8221; button_two_letter_spacing_hover=&#8221;0&#8243;]<\/p>\n<p>Pellentesque habitant morbi tristique senectus et netus et malesuada fames ac turpis egestas. Quisque diam velit, bibendum eu gravida a, luctus nec leo<\/p>\n<p>[\/et_pb_fullwidth_header][\/et_pb_section][et_pb_section bb_built=&#8221;1&#8243; admin_label=&#8221;trabajos&#8221; custom_width_percent=&#8221;80&#8243; module_id=&#8221;trabajos&#8221;][et_pb_row admin_label=&#8221;Fila&#8221; custom_css_main_element=&#8221;padding-bottom:0!important;&#8221;][et_pb_column type=&#8221;4_4&#8243;][et_pb_text admin_label=&#8221;Titulo trabajos&#8221; text_orientation=&#8221;center&#8221; text_font_size=&#8221;52&#8243; text_text_color=&#8221;#18314d&#8221;]<\/p>\n<p><strong>TRABAJOS<\/strong><\/p>\n<p>[\/et_pb_text][et_pb_text admin_label=&#8221;Texto&#8221; text_orientation=&#8221;center&#8221; module_class=&#8221;txt_semibol&#8221; header_font_size=&#8221;30&#8243; header_letter_spacing=&#8221;0&#8243; header_line_height=&#8221;1&#8243; text_font_size=&#8221;21&#8243; text_text_color=&#8221;#5e5e5e&#8221; text_letter_spacing=&#8221;0&#8243; text_line_height=&#8221;1&#8243; custom_css_main_element=&#8221;padding:0% 0;&#8221;]<\/p>\n<p>Aqu\u00ed ten\u00e9is una breve selecci\u00f3n de nuestros trabajos. Cada audiovisual es resultado de las necesidades y presupuesto del cliente.<\/p>\n<p>[\/et_pb_text][\/et_pb_column][\/et_pb_row][\/et_pb_section][et_pb_section bb_built=&#8221;1&#8243; admin_label=&#8221;section&#8221; custom_width_percent=&#8221;80&#8243; fullwidth=&#8221;on&#8221; custom_css_main_element=&#8221;padding-top:0;||\/*max-width:1615px;||margin:auto;*\/||margin-top:-2%;&#8221;][et_pb_fullwidth_portfolio admin_label=&#8221;Portafolios de anchura completa&#8221; fullwidth=&#8221;off&#8221; include_categories=&#8221;10&#8243; posts_number=&#8221;8&#8243; show_date=&#8221;off&#8221; zoom_icon_color=&#8221;#7cda24&#8243; hover_overlay_color=&#8221;rgba(0,158,224,0.8)&#8221; title_font_size=&#8221;28px&#8221; title_line_height=&#8221;1em&#8221; caption_font_size=&#8221;21&#8243; caption_line_height=&#8221;1em&#8221; \/][\/et_pb_section][et_pb_section bb_built=&#8221;1&#8243; admin_label=&#8221;quehacemos&#8221; background_color=&#8221;#d9d9d9&#8243; custom_width_percent=&#8221;80&#8243; module_id=&#8221;clientes&#8221;][et_pb_row admin_label=&#8221;Fila&#8221; custom_css_main_element=&#8221;padding-bottom:0!important;&#8221;][et_pb_column type=&#8221;4_4&#8243;][et_pb_text admin_label=&#8221;Titulo Clientes&#8221; text_orientation=&#8221;center&#8221; text_font_size=&#8221;52&#8243; text_text_color=&#8221;#18314d&#8221;]<\/p>\n<p><strong>CLIENTES<\/strong><\/p>\n<p>[\/et_pb_text][et_pb_text admin_label=&#8221;Texto_clientes&#8221; text_orientation=&#8221;center&#8221; header_font_size=&#8221;21px&#8221; header_text_color=&#8221;#5e5e5e&#8221; text_font_size=&#8221;21&#8243; text_text_color=&#8221;#5e5e5e&#8221; text_line_height=&#8221;1em&#8221;]<\/p>\n<p>Damos nuestros servicios a otras muchas empresas y particulares, pero nos gusta la discreci\u00f3n. Y t\u00fa como cliente tambi\u00e9n la apreciar\u00e1s<\/p>\n<p>[\/et_pb_text][et_pb_gallery admin_label=&#8221;Galer\u00eda&#8221; gallery_ids=&#8221;353,352,351,350&#8243; posts_number=&#8221;4&#8243; orientation=&#8221;portrait&#8221; show_title_and_caption=&#8221;off&#8221; show_pagination=&#8221;off&#8221; custom_css_overlay=&#8221;display:none;&#8221; custom_css_overlay_icon=&#8221;display:none;&#8221; custom_css_gallery_item_title=&#8221;display:none;&#8221; custom_css_gallery_item_caption=&#8221;display:none;&#8221; custom_css_gallery_pagination=&#8221;display:none;&#8221; custom_css_gallery_pagination_active=&#8221;display:none;&#8221; \/][\/et_pb_column][\/et_pb_row][\/et_pb_section][et_pb_section bb_built=&#8221;1&#8243; admin_label=&#8221;quehacemos&#8221; transparent_background=&#8221;on&#8221; module_id=&#8221;contacto&#8221;][et_pb_row admin_label=&#8221;Fila&#8221; custom_padding=&#8221;26.9688px|0px|0px|0px&#8221; custom_css_main_element=&#8221;padding-bottom:0!important;&#8221;][et_pb_column type=&#8221;4_4&#8243;][et_pb_text admin_label=&#8221;Titulo Contacto&#8221; text_orientation=&#8221;center&#8221; header_font_size_phone=&#8221;21px&#8221; header_font_size_last_edited=&#8221;on|phone&#8221; text_font_size=&#8221;52&#8243; text_font_size_phone=&#8221;30px&#8221; text_font_size_last_edited=&#8221;on|phone&#8221; text_text_color=&#8221;#18314d&#8221;]<\/p>\n<p><strong>CONTACTO<\/strong><\/p>\n<p>[\/et_pb_text][\/et_pb_column][\/et_pb_row][et_pb_row admin_label=&#8221;Fila&#8221; use_custom_width=&#8221;on&#8221; custom_width_px=&#8221;1148px&#8221; parallax_method_1=&#8221;off&#8221; parallax_method_2=&#8221;off&#8221;][et_pb_column type=&#8221;1_2&#8243;][et_pb_code admin_label=&#8221;Formulario cf7 (shortcode)&#8221;]\n<div class=\"wpcf7 no-js\" id=\"wpcf7-f374-o1\" lang=\"es-ES\" dir=\"ltr\" data-wpcf7-id=\"374\">\n<div class=\"screen-reader-response\"><p role=\"status\" aria-live=\"polite\" aria-atomic=\"true\"><\/p> <ul><\/ul><\/div>\n<form action=\"\/ca\/wp-json\/wp\/v2\/pages\/47#wpcf7-f374-o1\" method=\"post\" class=\"wpcf7-form init\" aria-label=\"Contact form\" novalidate=\"novalidate\" data-status=\"init\">\n<fieldset class=\"hidden-fields-container\"><input type=\"hidden\" name=\"_wpcf7\" value=\"374\" \/><input type=\"hidden\" name=\"_wpcf7_version\" value=\"6.1.5\" \/><input type=\"hidden\" name=\"_wpcf7_locale\" value=\"es_ES\" \/><input type=\"hidden\" name=\"_wpcf7_unit_tag\" value=\"wpcf7-f374-o1\" \/><input type=\"hidden\" name=\"_wpcf7_container_post\" value=\"0\" \/><input type=\"hidden\" name=\"_wpcf7_posted_data_hash\" value=\"\" \/><input type=\"hidden\" name=\"_wpcf7_recaptcha_response\" value=\"\" \/>\n<\/fieldset>\n<div class=\"et_pb_contact\">\n\t<p><span class=\"wpcf7-form-control-wrap\" data-name=\"nombre\"><input size=\"40\" maxlength=\"400\" class=\"wpcf7-form-control wpcf7-text wpcf7-validates-as-required\" aria-required=\"true\" aria-invalid=\"false\" placeholder=\"Nombre\" value=\"\" type=\"text\" name=\"nombre\" \/><\/span>\n\t<\/p>\n\t<p><span class=\"wpcf7-form-control-wrap\" data-name=\"email\"><input size=\"40\" maxlength=\"400\" class=\"wpcf7-form-control wpcf7-email wpcf7-validates-as-required wpcf7-text wpcf7-validates-as-email\" aria-required=\"true\" aria-invalid=\"false\" placeholder=\"Email\" value=\"\" type=\"email\" name=\"email\" \/><\/span>\n\t<\/p>\n\t<p><span class=\"wpcf7-form-control-wrap\" data-name=\"cuentanos\"><textarea cols=\"40\" rows=\"10\" maxlength=\"2000\" class=\"wpcf7-form-control wpcf7-textarea\" aria-invalid=\"false\" placeholder=\"Cu\u00e9ntanos\" name=\"cuentanos\"><\/textarea><\/span>\n\t<\/p>\n<\/div>\n<div class=\"et_pb_contact_left\">\n\t<p>Acepto el aviso legal y la pol\u00edtica de privacidad <span class=\"wpcf7-form-control-wrap\" data-name=\"acceptance\"><span class=\"wpcf7-form-control wpcf7-acceptance\"><span class=\"wpcf7-list-item\"><input type=\"checkbox\" name=\"acceptance\" value=\"1\" aria-invalid=\"false\" \/><\/span><\/span><\/span>\n\t<\/p>\n<\/div>\n<div class=\"et_contact_bottom_container\">\n\t<p><input class=\"wpcf7-form-control wpcf7-submit has-spinner et_pb_contact_submit et_pb_button\" type=\"submit\" value=\"Enviar\" \/>\n\t<\/p>\n<\/div><input type='hidden' class='wpcf7-pum' value='{\"closepopup\":false,\"closedelay\":0,\"openpopup\":false,\"openpopup_id\":0}' \/><div class=\"wpcf7-response-output\" aria-hidden=\"true\"><\/div>\n<\/form>\n<\/div>\n[\/et_pb_code][\/et_pb_column][et_pb_column type=&#8221;1_2&#8243;][et_pb_text admin_label=&#8221;Direcci\u00f3n&#8221; module_id=&#8221;direccion&#8221; background_layout=&#8221;light&#8221; text_orientation=&#8221;left&#8221; use_border_color=&#8221;off&#8221; border_color=&#8221;#ffffff&#8221; border_style=&#8221;solid&#8221;]<\/p>\n<h3>MARENA SOCIAL, S.L.<\/h3>\n<p><strong>Direcci\u00f3n:<br \/>\n<\/strong>Blasco Iba\u00f1ez, \u00a046 Bajo Izquierda<br \/>\n46100 &#8211; (Burjassot) &#8211; Valencia<\/p>\n<p><strong>Email:<br \/>\n<\/strong><a href=\"mailto:info@marenasocial.es\">info@marenasocial.es <\/a><\/p>\n<p><strong>Tel\u00e9fono:<br \/>\n<\/strong> <a href=\"tel:963456765\">96 364 49 90<\/a><\/p>\n<p>[\/et_pb_text][\/et_pb_column][\/et_pb_row][\/et_pb_section]<\/p>\n","protected":false},"excerpt":{"rendered":"<p>Marena Social es la culminaci\u00f3n de una b\u00fasqueda. Una b\u00fasqueda que se inici\u00f3 hace ya varias d\u00e9cadas y que se ha ido conformando, a lo largo del tiempo, con un bagaje de experiencia, desarrollo y puesta en marcha de los diversos proyectos que se han llevado a t\u00e9rmino. \u00bfQU\u00c9 HACEMOS? En Marena Social hacemos de [&hellip;]<\/p>\n","protected":false},"author":1,"featured_media":0,"parent":0,"menu_order":0,"comment_status":"closed","ping_status":"closed","template":"","meta":{"_et_pb_use_builder":"on","_et_pb_old_content":"","_et_gb_content_width":"","footnotes":""},"class_list":["post-47","page","type-page","status-publish","hentry"],"yoast_head":"<!-- This site is optimized with the Yoast SEO plugin v27.2 - https:\/\/yoast.com\/product\/yoast-seo-wordpress\/ -->\n<title>Inicio - Marena Social<\/title>\n<meta name=\"robots\" content=\"index, follow, max-snippet:-1, max-image-preview:large, max-video-preview:-1\" \/>\n<link rel=\"canonical\" href=\"https:\/\/www.marenasocial.es\/ca\/\" \/>\n<meta property=\"og:locale\" content=\"ca_ES\" \/>\n<meta property=\"og:type\" content=\"article\" \/>\n<meta property=\"og:title\" content=\"Inicio - Marena Social\" \/>\n<meta property=\"og:description\" content=\"Marena Social es la culminaci\u00f3n de una b\u00fasqueda. Una b\u00fasqueda que se inici\u00f3 hace ya varias d\u00e9cadas y que se ha ido conformando, a lo largo del tiempo, con un bagaje de experiencia, desarrollo y puesta en marcha de los diversos proyectos que se han llevado a t\u00e9rmino. \u00bfQU\u00c9 HACEMOS? En Marena Social hacemos de [&hellip;]\" \/>\n<meta property=\"og:url\" content=\"https:\/\/www.marenasocial.es\/ca\/\" \/>\n<meta property=\"og:site_name\" content=\"Marena Social\" \/>\n<meta property=\"article:modified_time\" content=\"2023-02-28T10:35:14+00:00\" \/>\n<meta name=\"twitter:card\" content=\"summary_large_image\" \/>\n<meta name=\"twitter:label1\" content=\"Est. reading time\" \/>\n\t<meta name=\"twitter:data1\" content=\"9 minutes\" \/>\n<script type=\"application\/ld+json\" class=\"yoast-schema-graph\">{\"@context\":\"https:\/\/schema.org\",\"@graph\":[{\"@type\":\"WebPage\",\"@id\":\"https:\/\/www.marenasocial.es\/ca\/\",\"url\":\"https:\/\/www.marenasocial.es\/ca\/\",\"name\":\"Inicio - Marena Social\",\"isPartOf\":{\"@id\":\"https:\/\/www.marenasocial.es\/#website\"},\"datePublished\":\"2017-03-01T10:10:44+00:00\",\"dateModified\":\"2023-02-28T10:35:14+00:00\",\"breadcrumb\":{\"@id\":\"https:\/\/www.marenasocial.es\/ca\/#breadcrumb\"},\"inLanguage\":\"ca-ES\",\"potentialAction\":[{\"@type\":\"ReadAction\",\"target\":[\"https:\/\/www.marenasocial.es\/ca\/\"]}]},{\"@type\":\"BreadcrumbList\",\"@id\":\"https:\/\/www.marenasocial.es\/ca\/#breadcrumb\",\"itemListElement\":[{\"@type\":\"ListItem\",\"position\":1,\"name\":\"Portada\",\"item\":\"https:\/\/www.marenasocial.es\/ca\/\"},{\"@type\":\"ListItem\",\"position\":2,\"name\":\"Inicio\"}]},{\"@type\":\"WebSite\",\"@id\":\"https:\/\/www.marenasocial.es\/#website\",\"url\":\"https:\/\/www.marenasocial.es\/\",\"name\":\"Marena Social\",\"description\":\"Consultor\u00eda en comunicaci\u00f3n. Producci\u00f3n audiovisual.\",\"publisher\":{\"@id\":\"https:\/\/www.marenasocial.es\/#organization\"},\"potentialAction\":[{\"@type\":\"SearchAction\",\"target\":{\"@type\":\"EntryPoint\",\"urlTemplate\":\"https:\/\/www.marenasocial.es\/?s={search_term_string}\"},\"query-input\":{\"@type\":\"PropertyValueSpecification\",\"valueRequired\":true,\"valueName\":\"search_term_string\"}}],\"inLanguage\":\"ca-ES\"},{\"@type\":\"Organization\",\"@id\":\"https:\/\/www.marenasocial.es\/#organization\",\"name\":\"Marena Social SL\",\"url\":\"https:\/\/www.marenasocial.es\/\",\"logo\":{\"@type\":\"ImageObject\",\"inLanguage\":\"ca-ES\",\"@id\":\"https:\/\/www.marenasocial.es\/#\/schema\/logo\/image\/\",\"url\":\"https:\/\/www.marenasocial.es\/wp-content\/uploads\/2017\/03\/logo-header.png\",\"contentUrl\":\"https:\/\/www.marenasocial.es\/wp-content\/uploads\/2017\/03\/logo-header.png\",\"width\":227,\"height\":173,\"caption\":\"Marena Social SL\"},\"image\":{\"@id\":\"https:\/\/www.marenasocial.es\/#\/schema\/logo\/image\/\"}}]}<\/script>\n<!-- \/ Yoast SEO plugin. -->","yoast_head_json":{"title":"Inicio - Marena Social","robots":{"index":"index","follow":"follow","max-snippet":"max-snippet:-1","max-image-preview":"max-image-preview:large","max-video-preview":"max-video-preview:-1"},"canonical":"https:\/\/www.marenasocial.es\/ca\/","og_locale":"ca_ES","og_type":"article","og_title":"Inicio - Marena Social","og_description":"Marena Social es la culminaci\u00f3n de una b\u00fasqueda. Una b\u00fasqueda que se inici\u00f3 hace ya varias d\u00e9cadas y que se ha ido conformando, a lo largo del tiempo, con un bagaje de experiencia, desarrollo y puesta en marcha de los diversos proyectos que se han llevado a t\u00e9rmino. \u00bfQU\u00c9 HACEMOS? En Marena Social hacemos de [&hellip;]","og_url":"https:\/\/www.marenasocial.es\/ca\/","og_site_name":"Marena Social","article_modified_time":"2023-02-28T10:35:14+00:00","twitter_card":"summary_large_image","twitter_misc":{"Est. reading time":"9 minutes"},"schema":{"@context":"https:\/\/schema.org","@graph":[{"@type":"WebPage","@id":"https:\/\/www.marenasocial.es\/ca\/","url":"https:\/\/www.marenasocial.es\/ca\/","name":"Inicio - Marena Social","isPartOf":{"@id":"https:\/\/www.marenasocial.es\/#website"},"datePublished":"2017-03-01T10:10:44+00:00","dateModified":"2023-02-28T10:35:14+00:00","breadcrumb":{"@id":"https:\/\/www.marenasocial.es\/ca\/#breadcrumb"},"inLanguage":"ca-ES","potentialAction":[{"@type":"ReadAction","target":["https:\/\/www.marenasocial.es\/ca\/"]}]},{"@type":"BreadcrumbList","@id":"https:\/\/www.marenasocial.es\/ca\/#breadcrumb","itemListElement":[{"@type":"ListItem","position":1,"name":"Portada","item":"https:\/\/www.marenasocial.es\/ca\/"},{"@type":"ListItem","position":2,"name":"Inicio"}]},{"@type":"WebSite","@id":"https:\/\/www.marenasocial.es\/#website","url":"https:\/\/www.marenasocial.es\/","name":"Marena Social","description":"Consultor\u00eda en comunicaci\u00f3n. Producci\u00f3n audiovisual.","publisher":{"@id":"https:\/\/www.marenasocial.es\/#organization"},"potentialAction":[{"@type":"SearchAction","target":{"@type":"EntryPoint","urlTemplate":"https:\/\/www.marenasocial.es\/?s={search_term_string}"},"query-input":{"@type":"PropertyValueSpecification","valueRequired":true,"valueName":"search_term_string"}}],"inLanguage":"ca-ES"},{"@type":"Organization","@id":"https:\/\/www.marenasocial.es\/#organization","name":"Marena Social SL","url":"https:\/\/www.marenasocial.es\/","logo":{"@type":"ImageObject","inLanguage":"ca-ES","@id":"https:\/\/www.marenasocial.es\/#\/schema\/logo\/image\/","url":"https:\/\/www.marenasocial.es\/wp-content\/uploads\/2017\/03\/logo-header.png","contentUrl":"https:\/\/www.marenasocial.es\/wp-content\/uploads\/2017\/03\/logo-header.png","width":227,"height":173,"caption":"Marena Social SL"},"image":{"@id":"https:\/\/www.marenasocial.es\/#\/schema\/logo\/image\/"}}]}},"_links":{"self":[{"href":"https:\/\/www.marenasocial.es\/ca\/wp-json\/wp\/v2\/pages\/47","targetHints":{"allow":["GET"]}}],"collection":[{"href":"https:\/\/www.marenasocial.es\/ca\/wp-json\/wp\/v2\/pages"}],"about":[{"href":"https:\/\/www.marenasocial.es\/ca\/wp-json\/wp\/v2\/types\/page"}],"author":[{"embeddable":true,"href":"https:\/\/www.marenasocial.es\/ca\/wp-json\/wp\/v2\/users\/1"}],"replies":[{"embeddable":true,"href":"https:\/\/www.marenasocial.es\/ca\/wp-json\/wp\/v2\/comments?post=47"}],"version-history":[{"count":0,"href":"https:\/\/www.marenasocial.es\/ca\/wp-json\/wp\/v2\/pages\/47\/revisions"}],"wp:attachment":[{"href":"https:\/\/www.marenasocial.es\/ca\/wp-json\/wp\/v2\/media?parent=47"}],"curies":[{"name":"wp","href":"https:\/\/api.w.org\/{rel}","templated":true}]}}